{"id":106,"date":"2014-07-24T04:08:03","date_gmt":"2014-07-24T02:08:03","guid":{"rendered":"http:\/\/sfrec.vadamante.eu\/?page_id=106"},"modified":"2014-10-14T20:33:38","modified_gmt":"2014-10-14T18:33:38","slug":"reklamne-klipy","status":"publish","type":"page","link":"https:\/\/sfrec.sk\/?page_id=106","title":{"rendered":"Reklamn\u00e9 klipy"},"content":{"rendered":"<p>\nKu kvalitnej reklamnej kampani patr\u00ed aj kvalitn\u00fd reklamn\u00fd spot. Vy si poviete ako m\u00e1 Va\u0161a reklama vyzera\u0165 a my sa postar\u00e1me o to aby sp\u013a\u0148ala v\u0161etky Va\u0161e krit\u00e9ri\u00e1. Ak nem\u00e1te predstavu o svojej reklame nevad\u00ed. N\u00e1\u0161 sk\u00fasen\u00fd t\u00edm V\u00e1m vytvor\u00ed reklamn\u00fd spot, ktor\u00fd povedie nielen k Va\u0161ej spokojnosti, ale aj k spokojnosti Va\u0161ich z\u00e1kazn\u00edkov.\n<\/p>\n<p><iframe loading=\"lazy\" src=\"\/\/player.vimeo.com\/video\/33115227?byline=0&amp;portrait=0&amp;color=f00004\" width=\"295\" height=\"166\" frameborder=\"0\" webkitallowfullscreen mozallowfullscreen allowfullscreen><\/iframe><iframe loading=\"lazy\" src=\"\/\/player.vimeo.com\/video\/107718223?byline=0&amp;portrait=0&amp;color=f00004\" width=\"295\" height=\"166\" frameborder=\"0\" webkitallowfullscreen mozallowfullscreen allowfullscreen><\/iframe> <iframe loading=\"lazy\" width=\"295\" height=\"166\" src=\"\/\/www.youtube.com\/embed\/cW5frW4Eucg?rel=0\" frameborder=\"0\" allowfullscreen><\/iframe><\/p>\n<p>https:\/\/vimeo.com\/<\/p>\n","protected":false},"excerpt":{"rendered":"<p>Ku kvalitnej reklamnej kampani patr\u00ed aj kvalitn\u00fd reklamn\u00fd spot. Vy si poviete ako m\u00e1 Va\u0161a reklama vyzera\u0165 a my sa postar\u00e1me o to aby sp\u013a\u0148ala v\u0161etky Va\u0161e krit\u00e9ri\u00e1. Ak nem\u00e1te predstavu o svojej reklame nevad\u00ed. N\u00e1\u0161 sk\u00fasen\u00fd t\u00edm V\u00e1m vytvor\u00ed [&hellip;]<\/p>\n","protected":false},"author":1,"featured_media":0,"parent":0,"menu_order":0,"comment_status":"closed","ping_status":"closed","template":"","meta":{"footnotes":""},"class_list":["post-106","page","type-page","status-publish","hentry"],"_links":{"self":[{"href":"https:\/\/sfrec.sk\/index.php?rest_route=\/wp\/v2\/pages\/106","targetHints":{"allow":["GET"]}}],"collection":[{"href":"https:\/\/sfrec.sk\/index.php?rest_route=\/wp\/v2\/pages"}],"about":[{"href":"https:\/\/sfrec.sk\/index.php?rest_route=\/wp\/v2\/types\/page"}],"author":[{"embeddable":true,"href":"https:\/\/sfrec.sk\/index.php?rest_route=\/wp\/v2\/users\/1"}],"replies":[{"embeddable":true,"href":"https:\/\/sfrec.sk\/index.php?rest_route=%2Fwp%2Fv2%2Fcomments&post=106"}],"version-history":[{"count":1,"href":"https:\/\/sfrec.sk\/index.php?rest_route=\/wp\/v2\/pages\/106\/revisions"}],"predecessor-version":[{"id":255,"href":"https:\/\/sfrec.sk\/index.php?rest_route=\/wp\/v2\/pages\/106\/revisions\/255"}],"wp:attachment":[{"href":"https:\/\/sfrec.sk\/index.php?rest_route=%2Fwp%2Fv2%2Fmedia&parent=106"}],"curies":[{"name":"wp","href":"https:\/\/api.w.org\/{rel}","templated":true}]}}