{"id":117,"date":"2014-07-24T04:25:38","date_gmt":"2014-07-24T02:25:38","guid":{"rendered":"http:\/\/sfrec.vadamante.eu\/?page_id=117"},"modified":"2015-03-19T15:40:31","modified_gmt":"2015-03-19T13:40:31","slug":"photo2go","status":"publish","type":"page","link":"https:\/\/sfrec.sk\/?page_id=117","title":{"rendered":"photo2GO"},"content":{"rendered":"<p><img loading=\"lazy\" decoding=\"async\" style=\"float: right; border: 0; margin: 5px;\" src=\"h1\/foto2go.jpg\" alt=\"\" width=\"300\" height=\"105\" border=\"0\" \/><\/p>\n<p><span style=\"line-height: 1.3em;\">Fotku, ktor\u00fa si v tla\u010denej podobe so sebou m\u00f4\u017eete prinies\u0165 z plesu, firemnej akcie, detsk\u00fdch akci\u00ed, svadieb \u010di stu\u017ekovej m\u00e1 ove\u013ea va\u010d\u0161iu hodnotu ne\u017e fotka na CD\u010dku alebo na internete. Preto pre V\u00e1s pon\u00fakame \u00faplne nov\u00fa slu\u017ebu photo2go !<\/span><\/p>\n<p>Odfo\u0165te sa, a my V\u00e1m fotku zapo\u010dkan\u00edm vytla\u010d\u00edme na termosublima\u010dnej tla\u010diarni, z ktorej v\u00fdtla\u010dok m\u00e1 \u017eivotnos\u0165 nieko\u013eko desa\u0165ro\u010d\u00ed. Na firemn\u00fdch akci\u00e1ch ale aj plesoch je samozrejme mo\u017enos\u0165 prida\u0165 logo, n\u00e1zov akcie popr\u00edpade in\u00e9 grafick\u00e9 spracovanie u\u017e pri 100 objednan\u00fdch fotografi\u00e1ch.<\/p>\n<p><span style=\"line-height: 1.3em;\">Organiz\u00e1tori plesov, POZOR!<\/span><\/p>\n<p>Pr\u00e1ve pre v\u00e1s pon\u00fakame slu\u017ebu photo2go \u00faplne zadarmo !<\/p>\n<p><img loading=\"lazy\" decoding=\"async\" style=\"border: 0; vertical-align: middle; margin: 0px;\" src=\"h1\/atelier_il_sm.jpg\" alt=\"\" width=\"700\" height=\"165\" border=\"0\" \/><\/p>\n<p style=\"text-align: right;\"><a href=\"h1\/pon_ples.pdf\" target=\"_blank\"><strong>Stiahnite si ponukov\u00fd list<\/strong><\/a><\/p>\n<p style=\"text-align: left;\">Slu\u017ebu photo2go pon\u00fakame aj na kongresy, oslavy, akcie pre deti a podobne.<\/p>\n","protected":false},"excerpt":{"rendered":"<p>Fotku, ktor\u00fa si v tla\u010denej podobe so sebou m\u00f4\u017eete prinies\u0165 z plesu, firemnej akcie, detsk\u00fdch akci\u00ed, svadieb \u010di stu\u017ekovej m\u00e1 ove\u013ea va\u010d\u0161iu hodnotu ne\u017e fotka na CD\u010dku alebo na internete. Preto pre V\u00e1s pon\u00fakame \u00faplne nov\u00fa slu\u017ebu photo2go ! Odfo\u0165te [&hellip;]<\/p>\n","protected":false},"author":1,"featured_media":0,"parent":0,"menu_order":0,"comment_status":"closed","ping_status":"closed","template":"","meta":{"footnotes":""},"class_list":["post-117","page","type-page","status-publish","hentry"],"_links":{"self":[{"href":"https:\/\/sfrec.sk\/index.php?rest_route=\/wp\/v2\/pages\/117","targetHints":{"allow":["GET"]}}],"collection":[{"href":"https:\/\/sfrec.sk\/index.php?rest_route=\/wp\/v2\/pages"}],"about":[{"href":"https:\/\/sfrec.sk\/index.php?rest_route=\/wp\/v2\/types\/page"}],"author":[{"embeddable":true,"href":"https:\/\/sfrec.sk\/index.php?rest_route=\/wp\/v2\/users\/1"}],"replies":[{"embeddable":true,"href":"https:\/\/sfrec.sk\/index.php?rest_route=%2Fwp%2Fv2%2Fcomments&post=117"}],"version-history":[{"count":3,"href":"https:\/\/sfrec.sk\/index.php?rest_route=\/wp\/v2\/pages\/117\/revisions"}],"predecessor-version":[{"id":264,"href":"https:\/\/sfrec.sk\/index.php?rest_route=\/wp\/v2\/pages\/117\/revisions\/264"}],"wp:attachment":[{"href":"https:\/\/sfrec.sk\/index.php?rest_route=%2Fwp%2Fv2%2Fmedia&parent=117"}],"curies":[{"name":"wp","href":"https:\/\/api.w.org\/{rel}","templated":true}]}}