{"id":19,"date":"2014-07-24T01:52:36","date_gmt":"2014-07-23T23:52:36","guid":{"rendered":"http:\/\/sfrec.vadamante.eu\/?page_id=19"},"modified":"2014-08-06T05:38:04","modified_gmt":"2014-08-06T03:38:04","slug":"hudobne-videoklipy","status":"publish","type":"page","link":"https:\/\/sfrec.sk\/?page_id=19","title":{"rendered":"Hudobn\u00e9 videoklipy"},"content":{"rendered":"<p>\nHudobn\u00e9 videoklipy s\u00fa hranou v\u00fdpove\u010fou spievan\u00e9ho textu, \u010d\u00edm predstavuj\u00fa neodmyslite\u013en\u00fa s\u00fa\u010das\u0165 hudobn\u00e9ho priemyslu. Prec\u00edzne nato\u010den\u00fd klip vytv\u00e1ra silnej\u0161\u00ed vz\u0165ah div\u00e1ka k piesni. S pomocou na\u0161ej modernej techniky zvl\u00e1dame nato\u010di\u0165 aj komplikovan\u00e9 z\u00e1bery a tak vytv\u00e1rame klip, ktor\u00fd d\u00e1va piesni nov\u00fd rozmer.\n<\/p>\n<p><iframe loading=\"lazy\" width=\"594\" height=\"338\" src=\"\/\/www.youtube.com\/embed\/9MnARE6dcVg?rel=0\" frameborder=\"0\" allowfullscreen><\/iframe><\/p>\n<p>Spolupr\u00e1ca s raperom Lowom pri poslednom projekte dopadla nad o\u010dak\u00e1vania, a aj ke\u010f \u0161lo iba o promo klip k albumu, zo\u017eal mnoho pozit\u00edvnych koment\u00e1rov.<\/p>\n<p><iframe loading=\"lazy\" width=\"295\" height=\"166\" src=\"\/\/www.youtube.com\/embed\/CvaXdKgd_Zk?rel=0\" frameborder=\"0\" allowfullscreen><\/iframe> <iframe loading=\"lazy\" width=\"295\" height=\"166\" src=\"\/\/www.youtube.com\/embed\/EPVi8_xNyQ0?rel=0\" frameborder=\"0\" allowfullscreen><\/iframe><br \/>\n<iframe loading=\"lazy\" width=\"295\" height=\"166\" src=\"\/\/www.youtube.com\/embed\/usP4KOr2k6o?rel=0\" frameborder=\"0\" allowfullscreen><\/iframe> <iframe loading=\"lazy\" width=\"295\" height=\"166\" src=\"\/\/www.youtube.com\/embed\/IHnZq6cUOo4?rel=0\" frameborder=\"0\" allowfullscreen><\/iframe><\/p>\n<p>\nZvl\u00e1dame tvorbu videoklipov r\u00f4znych \u017e\u00e1nrov, \u010di u\u017e sa jedn\u00e1 o klip pre rapera Gambu, rockera Martina Konr\u00e1da, popov\u00fa spev\u00e1\u010dku Simonu Feckov\u00fa alebo za\u010d\u00ednaj\u00face detsk\u00e9 hviezdy KISSES. Ak ste tieto klipy e\u0161te nevideli, tak nastala t\u00e1 spr\u00e1vna chv\u00ed\u013ea.\n<\/p>\n<p align = \"center\">\n<iframe loading=\"lazy\" width=\"295\" height=\"166\" src=\"\/\/www.youtube.com\/embed\/40ZWdwE7MbU?rel=0\" frameborder=\"0\" allowfullscreen><\/iframe><\/p>\n","protected":false},"excerpt":{"rendered":"<p>Hudobn\u00e9 videoklipy s\u00fa hranou v\u00fdpove\u010fou spievan\u00e9ho textu, \u010d\u00edm predstavuj\u00fa neodmyslite\u013en\u00fa s\u00fa\u010das\u0165 hudobn\u00e9ho priemyslu. Prec\u00edzne nato\u010den\u00fd klip vytv\u00e1ra silnej\u0161\u00ed vz\u0165ah div\u00e1ka k piesni. S pomocou na\u0161ej modernej techniky zvl\u00e1dame nato\u010di\u0165 aj komplikovan\u00e9 z\u00e1bery a tak vytv\u00e1rame klip, ktor\u00fd d\u00e1va piesni nov\u00fd [&hellip;]<\/p>\n","protected":false},"author":1,"featured_media":0,"parent":0,"menu_order":0,"comment_status":"closed","ping_status":"closed","template":"","meta":{"footnotes":""},"class_list":["post-19","page","type-page","status-publish","hentry"],"_links":{"self":[{"href":"https:\/\/sfrec.sk\/index.php?rest_route=\/wp\/v2\/pages\/19","targetHints":{"allow":["GET"]}}],"collection":[{"href":"https:\/\/sfrec.sk\/index.php?rest_route=\/wp\/v2\/pages"}],"about":[{"href":"https:\/\/sfrec.sk\/index.php?rest_route=\/wp\/v2\/types\/page"}],"author":[{"embeddable":true,"href":"https:\/\/sfrec.sk\/index.php?rest_route=\/wp\/v2\/users\/1"}],"replies":[{"embeddable":true,"href":"https:\/\/sfrec.sk\/index.php?rest_route=%2Fwp%2Fv2%2Fcomments&post=19"}],"version-history":[{"count":6,"href":"https:\/\/sfrec.sk\/index.php?rest_route=\/wp\/v2\/pages\/19\/revisions"}],"predecessor-version":[{"id":226,"href":"https:\/\/sfrec.sk\/index.php?rest_route=\/wp\/v2\/pages\/19\/revisions\/226"}],"wp:attachment":[{"href":"https:\/\/sfrec.sk\/index.php?rest_route=%2Fwp%2Fv2%2Fmedia&parent=19"}],"curies":[{"name":"wp","href":"https:\/\/api.w.org\/{rel}","templated":true}]}}