{"id":199,"date":"2014-08-03T03:04:54","date_gmt":"2014-08-03T01:04:54","guid":{"rendered":"http:\/\/web.sfrec.sk\/?page_id=199"},"modified":"2015-11-18T20:19:42","modified_gmt":"2015-11-18T18:19:42","slug":"digitalizacia-zaznamov","status":"publish","type":"page","link":"https:\/\/sfrec.sk\/?page_id=199","title":{"rendered":"Digitaliz\u00e1cia z\u00e1znamov"},"content":{"rendered":"<p>Svadby, stu\u017ekov\u00e9, rodinn\u00e9 vyst\u00fapenia, oslavy, dovolenky, vami vytvoren\u00e9 filmy alebo \u010doko\u013evek m\u00e1te na star\u00fdch nosi\u010doch str\u00e1caju hodnotu. Ka\u017ed\u00fdm prehran\u00edm videokazety sa jej kvalita zni\u017euje a\u017e sa stane z\u00e1znam nepou\u017eite\u013en\u00fd. Jedin\u00e9 rie\u0161enie ako tieto z\u00e1znamy zachova\u0165 do bud\u00facnosti je ich digitaliz\u00e1cia.<\/p>\n<p>Pri digitaliz\u00e1cia pren\u00e1\u0161ame Va\u0161e z\u00e1znamy do PC kde ich pod\u013ea va\u0161ich \u017eelan\u00ed uprav\u00edme, nejde teda len o prehranie p\u00e1sky na DVD rekord\u00e9ry. Va\u0161e z\u00e1znamy v\u00e1m nielen zdigitalizujeme, ale aj zostrih\u00e1me, ozvu\u010d\u00edme alebo skonvertujeme do r\u00f4znych form\u00e1tov pre DVD prehr\u00e1va\u010de, PC, tablety, smartphony a podobne.<br \/>\nVa\u0161e z\u00e1znamy s\u00fa Va\u0161e, preto db\u00e1me na s\u00fakromie a nesledujeme ich.<\/p>\n","protected":false},"excerpt":{"rendered":"<p>Svadby, stu\u017ekov\u00e9, rodinn\u00e9 vyst\u00fapenia, oslavy, dovolenky, vami vytvoren\u00e9 filmy alebo \u010doko\u013evek m\u00e1te na star\u00fdch nosi\u010doch str\u00e1caju hodnotu. Ka\u017ed\u00fdm prehran\u00edm videokazety sa jej kvalita zni\u017euje a\u017e sa stane z\u00e1znam nepou\u017eite\u013en\u00fd. Jedin\u00e9 rie\u0161enie ako tieto z\u00e1znamy zachova\u0165 do bud\u00facnosti je ich digitaliz\u00e1cia. [&hellip;]<\/p>\n","protected":false},"author":1,"featured_media":0,"parent":0,"menu_order":0,"comment_status":"open","ping_status":"open","template":"","meta":{"footnotes":""},"class_list":["post-199","page","type-page","status-publish","hentry"],"_links":{"self":[{"href":"https:\/\/sfrec.sk\/index.php?rest_route=\/wp\/v2\/pages\/199","targetHints":{"allow":["GET"]}}],"collection":[{"href":"https:\/\/sfrec.sk\/index.php?rest_route=\/wp\/v2\/pages"}],"about":[{"href":"https:\/\/sfrec.sk\/index.php?rest_route=\/wp\/v2\/types\/page"}],"author":[{"embeddable":true,"href":"https:\/\/sfrec.sk\/index.php?rest_route=\/wp\/v2\/users\/1"}],"replies":[{"embeddable":true,"href":"https:\/\/sfrec.sk\/index.php?rest_route=%2Fwp%2Fv2%2Fcomments&post=199"}],"version-history":[{"count":10,"href":"https:\/\/sfrec.sk\/index.php?rest_route=\/wp\/v2\/pages\/199\/revisions"}],"predecessor-version":[{"id":351,"href":"https:\/\/sfrec.sk\/index.php?rest_route=\/wp\/v2\/pages\/199\/revisions\/351"}],"wp:attachment":[{"href":"https:\/\/sfrec.sk\/index.php?rest_route=%2Fwp%2Fv2%2Fmedia&parent=199"}],"curies":[{"name":"wp","href":"https:\/\/api.w.org\/{rel}","templated":true}]}}