{"id":21,"date":"2014-07-24T01:53:11","date_gmt":"2014-07-23T23:53:11","guid":{"rendered":"http:\/\/sfrec.vadamante.eu\/?page_id=21"},"modified":"2014-07-24T01:53:11","modified_gmt":"2014-07-23T23:53:11","slug":"live-projekcie","status":"publish","type":"page","link":"https:\/\/sfrec.sk\/?page_id=21","title":{"rendered":"LIVE projekcie"},"content":{"rendered":"<p>\nSamozrejmou s\u00fa\u010das\u0165ou p\u00f3diov\u00fdch vyst\u00fapen\u00ed s\u00fa aj LIVE projekcie, ktor\u00e9 pon\u00fakaj\u00fa div\u00e1kom detailn\u00e9 z\u00e1bery na osoby na p\u00f3diu. S na\u0161ou technikou a profesion\u00e1lnym pr\u00edstupom zabezpe\u010d\u00edme, aby Va\u0161e podujatie malo kvalitn\u00fa LIVE projekciu a aby dianie na p\u00f3diu videl detailne ka\u017ed\u00fd n\u00e1v\u0161tevn\u00edk.\n<\/p>\n<p><iframe loading=\"lazy\" src=\"\/\/player.vimeo.com\/video\/33942320?byline=0&amp;portrait=0&amp;color=f00004\" width=\"299\" height=\"168\" frameborder=\"0\" webkitallowfullscreen mozallowfullscreen allowfullscreen><\/iframe> <iframe loading=\"lazy\" width=\"290\" height=\"168\" src=\"\/\/www.youtube.com\/embed\/a8Vznx3rxDo?rel=0\" frameborder=\"0\" allowfullscreen><\/iframe><\/p>\n","protected":false},"excerpt":{"rendered":"<p>Samozrejmou s\u00fa\u010das\u0165ou p\u00f3diov\u00fdch vyst\u00fapen\u00ed s\u00fa aj LIVE projekcie, ktor\u00e9 pon\u00fakaj\u00fa div\u00e1kom detailn\u00e9 z\u00e1bery na osoby na p\u00f3diu. S na\u0161ou technikou a profesion\u00e1lnym pr\u00edstupom zabezpe\u010d\u00edme, aby Va\u0161e podujatie malo kvalitn\u00fa LIVE projekciu a aby dianie na p\u00f3diu videl detailne ka\u017ed\u00fd n\u00e1v\u0161tevn\u00edk.<\/p>\n","protected":false},"author":1,"featured_media":0,"parent":0,"menu_order":0,"comment_status":"closed","ping_status":"closed","template":"","meta":{"footnotes":""},"class_list":["post-21","page","type-page","status-publish","hentry"],"_links":{"self":[{"href":"https:\/\/sfrec.sk\/index.php?rest_route=\/wp\/v2\/pages\/21","targetHints":{"allow":["GET"]}}],"collection":[{"href":"https:\/\/sfrec.sk\/index.php?rest_route=\/wp\/v2\/pages"}],"about":[{"href":"https:\/\/sfrec.sk\/index.php?rest_route=\/wp\/v2\/types\/page"}],"author":[{"embeddable":true,"href":"https:\/\/sfrec.sk\/index.php?rest_route=\/wp\/v2\/users\/1"}],"replies":[{"embeddable":true,"href":"https:\/\/sfrec.sk\/index.php?rest_route=%2Fwp%2Fv2%2Fcomments&post=21"}],"version-history":[{"count":0,"href":"https:\/\/sfrec.sk\/index.php?rest_route=\/wp\/v2\/pages\/21\/revisions"}],"wp:attachment":[{"href":"https:\/\/sfrec.sk\/index.php?rest_route=%2Fwp%2Fv2%2Fmedia&parent=21"}],"curies":[{"name":"wp","href":"https:\/\/api.w.org\/{rel}","templated":true}]}}