{"id":45,"date":"2014-07-24T02:06:59","date_gmt":"2014-07-24T00:06:59","guid":{"rendered":"http:\/\/sfrec.vadamante.eu\/?page_id=45"},"modified":"2018-04-19T02:46:36","modified_gmt":"2018-04-19T00:46:36","slug":"45-2","status":"publish","type":"page","link":"https:\/\/sfrec.sk\/","title":{"rendered":"Vitajte na str\u00e1nke spolo\u010dnosti SF REC s.r.o."},"content":{"rendered":"<p>Sme spolo\u010dnos\u0165 zaoberaj\u00faca sa videoprodukciou v\u0161etk\u00e9ho druhu. Na\u0161u tvorbu realizujeme po celom \u00fazem\u00ed Slovenskej republiky a v zahrani\u010d\u00ed. N\u00e1\u0161 t\u00edm pozost\u00e1va z kameramanov s dlhoro\u010dn\u00fdmi sk\u00fasenos\u0165ami na poli tvorby vide\u00ed, strihu a marketingu. Neodmyslite\u013enou s\u00fa\u010das\u0165ou na\u0161ej pr\u00e1ce s\u00fa aj modern\u00e9 technol\u00f3gie, ktor\u00e9 neust\u00e1le inovujeme a t\u00fdm kr\u00e1\u010dame s nov\u00fdmi trendmi na poli videa a strihu.<br \/>\nPracujeme s nad\u0161en\u00edm a prec\u00edznos\u0165ou aby sme zaru\u010dili kvalitu v ka\u017edom detaile a v prvom rade Va\u0161u spokojnos\u0165.<br \/>\nAk h\u013ead\u00e1te kameramana na zve\u010dnenie Va\u0161ej udalosti tak ste nav\u0161t\u00edvili spr\u00e1vnu str\u00e1nku, ktor\u00e1 V\u00e1m utvor\u00ed o na\u0161ej pr\u00e1ci lep\u0161\u00ed preh\u013ead.<br \/>\nNa\u0161u tvorbu si m\u00f4\u017eete pozrie\u0165 v jednotliv\u00fdch kateg\u00f3ri\u00e1ch. V pr\u00edpade ak\u00fdchko\u013evek ot\u00e1zok n\u00e1s nev\u00e1hajte kontaktova\u0165.<\/p>\n<p>Pokra\u010dujte pros\u00edm v\u00fdberom kateg\u00f3rie v menu.<\/p>\n<h4>Posledn\u00e9 vide\u00e1:<\/h4>\n<style type=\"text\/css\">div.amazingslider-box-1 :nth-child(3) {     visibility: hidden; }<\/style><div class=\"wonderplugingallery-container\" id=\"wonderplugingallery-container-4\" style=\"max-width:940px;margin:0 auto;\"><div class=\"wonderplugingallery\" id=\"wonderplugingallery-4\" data-galleryid=\"4\" data-width=\"940\" data-height=\"528\" data-skin=\"mediapage\" data-autoslide=\"false\" data-autoplayvideo=\"true\" data-html5player=\"true\" data-responsive=\"true\" data-fullwidth=\"false\" data-showtitle=\"true\" data-showdescription=\"false\" data-showplaybutton=\"true\" data-showfullscreenbutton=\"true\" data-showtimer=\"true\" data-showcarousel=\"true\" data-galleryshadow=\"false\" data-slideshadow=\"false\" data-thumbshowtitle=\"true\" data-thumbshadow=\"false\" data-lightboxshowtitle=\"true\" data-lightboxshowdescription=\"true\" data-specifyid=\"true\" data-donotinit=\"false\" data-addinitscript=\"false\" data-titlesmallscreen=\"false\" data-duration=\"1500\" data-slideduration=\"1000\" data-slideshowinterval=\"6000\" data-googleanalyticsaccount=\"\" data-resizemode=\"fill\" data-imagetoolboxmode=\"mouseover\" data-effect=\"fade\" data-padding=\"0\" data-bgcolor=\"\" data-bgimage=\"\" data-thumbwidth=\"180\" data-thumbheight=\"100\" data-thumbgap=\"10\" data-thumbrowgap=\"16\" data-lightboxtextheight=\"72\" data-lightboxtitlecss=\"{color:#333333; font:bold 12px Arial,Helvetica,sans-serif; overflow:hidden; white-space:normal; line-height:18px;}\" data-lightboxdescriptioncss=\"{color:#333333; font:normal 12px Arial,Helvetica,sans-serif; overflow:hidden; white-space:normal; line-height:14px;}\" data-titlecss=\"{color:#ffffff; font-size:14px; font-family:Armata, sans-serif, Arial; overflow:hidden; white-space:normal; text-align:left; padding:10px 0px 10px 10px;  background:rgb(102, 102, 102) transparent; background:rgba(102, 102, 102, 0.6);}\" data-descriptioncss=\"{color:#ffffff; font-size:12px; font-family:Armata, sans-serif, Arial; overflow:hidden; white-space:normal; text-align:left; padding:0px 0px 10px 10px;  background:rgb(102, 102, 102) transparent; background:rgba(102, 102, 102, 0.6);}\" data-titleheight=\"72\" data-titlesmallscreenwidth=\"640\" data-titleheightsmallscreen=\"148\" data-jsfolder=\"https:\/\/sfrec.sk\/wp-content\/plugins\/wonderplugin-gallery\/engine\/\" style=\"display:none;\" ><a href=\"http:\/\/www.youtube.com\/embed\/Y1o9uQ-bfIU\" data-poster=\"http:\/\/img.youtube.com\/vi\/Y1o9uQ-bfIU\/0.jpg\"><img decoding=\"async\" class=\"html5galleryimg\" src=\"http:\/\/img.youtube.com\/vi\/Y1o9uQ-bfIU\/0.jpg\" alt=\"Dan &amp; Gab - Wedding highlights\"><\/a><a href=\"http:\/\/www.youtube.com\/embed\/zGTFgfVoj0s\" data-poster=\"http:\/\/img.youtube.com\/vi\/zGTFgfVoj0s\/0.jpg\"><img decoding=\"async\" class=\"html5galleryimg\" src=\"http:\/\/img.youtube.com\/vi\/zGTFgfVoj0s\/0.jpg\" alt=\"WONDERWERK - Relaxa\u010dn\u00fd baz\u00e9n\"><\/a><a href=\"http:\/\/www.youtube.com\/embed\/Cl54D9Vb0YA\" data-poster=\"http:\/\/img.youtube.com\/vi\/Cl54D9Vb0YA\/0.jpg\"><img decoding=\"async\" class=\"html5galleryimg\" src=\"http:\/\/img.youtube.com\/vi\/Cl54D9Vb0YA\/0.jpg\" alt=\"IV.A - GPOH Ke\u017emarok\"><\/a><div class=\"wonderplugin-engine\"><a href=\"http:\/\/www.wonderplugin.com\/wordpress-gallery\/\" title=\"Responsive WordPress YouTube Gallery Plugin\">Responsive WordPress YouTube Gallery Plugin<\/a><\/div><\/div><\/div>\n","protected":false},"excerpt":{"rendered":"<p>Sme spolo\u010dnos\u0165 zaoberaj\u00faca sa videoprodukciou v\u0161etk\u00e9ho druhu. Na\u0161u tvorbu realizujeme po celom \u00fazem\u00ed Slovenskej republiky a v zahrani\u010d\u00ed. N\u00e1\u0161 t\u00edm pozost\u00e1va z kameramanov s dlhoro\u010dn\u00fdmi sk\u00fasenos\u0165ami na poli tvorby vide\u00ed, strihu a marketingu. Neodmyslite\u013enou s\u00fa\u010das\u0165ou na\u0161ej pr\u00e1ce s\u00fa aj modern\u00e9 [&hellip;]<\/p>\n","protected":false},"author":1,"featured_media":0,"parent":0,"menu_order":0,"comment_status":"closed","ping_status":"closed","template":"","meta":{"footnotes":""},"class_list":["post-45","page","type-page","status-publish","hentry"],"_links":{"self":[{"href":"https:\/\/sfrec.sk\/index.php?rest_route=\/wp\/v2\/pages\/45","targetHints":{"allow":["GET"]}}],"collection":[{"href":"https:\/\/sfrec.sk\/index.php?rest_route=\/wp\/v2\/pages"}],"about":[{"href":"https:\/\/sfrec.sk\/index.php?rest_route=\/wp\/v2\/types\/page"}],"author":[{"embeddable":true,"href":"https:\/\/sfrec.sk\/index.php?rest_route=\/wp\/v2\/users\/1"}],"replies":[{"embeddable":true,"href":"https:\/\/sfrec.sk\/index.php?rest_route=%2Fwp%2Fv2%2Fcomments&post=45"}],"version-history":[{"count":9,"href":"https:\/\/sfrec.sk\/index.php?rest_route=\/wp\/v2\/pages\/45\/revisions"}],"predecessor-version":[{"id":523,"href":"https:\/\/sfrec.sk\/index.php?rest_route=\/wp\/v2\/pages\/45\/revisions\/523"}],"wp:attachment":[{"href":"https:\/\/sfrec.sk\/index.php?rest_route=%2Fwp%2Fv2%2Fmedia&parent=45"}],"curies":[{"name":"wp","href":"https:\/\/api.w.org\/{rel}","templated":true}]}}